{"id":48679,"date":"2024-01-17T16:56:10","date_gmt":"2024-01-17T15:56:10","guid":{"rendered":"https:\/\/pastor-deutschland.de\/?post_type=product&#038;p=48679"},"modified":"2025-12-15T12:49:07","modified_gmt":"2025-12-15T11:49:07","slug":"pd6z43-dauerdruck-pulver-feuerloescher","status":"publish","type":"product","link":"https:\/\/pastor-deutschland.de\/en\/feuerloescher\/pd6z43-dauerdruck-pulver-feuerloescher\/","title":{"rendered":"PD6Z43 Continuous pressure ABC powder fire extinguisher"},"content":{"rendered":"<p>Der PD6Z43 ist ein vielseitiger und leistungsf\u00e4higer Pulver-Feuerl\u00f6scher, ideal f\u00fcr eine breite Palette von Brandbek\u00e4mpfungsanwendungen.<\/p>","protected":false},"excerpt":{"rendered":"<p>Der PD6Z43 ist ein vielseitiger und leistungsf\u00e4higer Pulver-Feuerl\u00f6scher, ideal f\u00fcr eine breite Palette von Brandbek\u00e4mpfungsanwendungen.<\/p>","protected":false},"featured_media":48478,"template":"","meta":[],"product_brand":[],"product_cat":[15],"product_tag":[],"class_list":{"0":"post-48679","1":"product","2":"type-product","3":"status-publish","4":"has-post-thumbnail","6":"product_cat-unkategorisiert","8":"first","9":"instock","10":"featured","11":"taxable","12":"shipping-taxable","13":"purchasable","14":"product-type-variable"},"_links":{"self":[{"href":"https:\/\/pastor-deutschland.de\/en\/wp-json\/wp\/v2\/product\/48679","targetHints":{"allow":["GET"]}}],"collection":[{"href":"https:\/\/pastor-deutschland.de\/en\/wp-json\/wp\/v2\/product"}],"about":[{"href":"https:\/\/pastor-deutschland.de\/en\/wp-json\/wp\/v2\/types\/product"}],"version-history":[{"count":1,"href":"https:\/\/pastor-deutschland.de\/en\/wp-json\/wp\/v2\/product\/48679\/revisions"}],"predecessor-version":[{"id":48680,"href":"https:\/\/pastor-deutschland.de\/en\/wp-json\/wp\/v2\/product\/48679\/revisions\/48680"}],"wp:featuredmedia":[{"embeddable":true,"href":"https:\/\/pastor-deutschland.de\/en\/wp-json\/wp\/v2\/media\/48478"}],"wp:attachment":[{"href":"https:\/\/pastor-deutschland.de\/en\/wp-json\/wp\/v2\/media?parent=48679"}],"wp:term":[{"taxonomy":"product_brand","embeddable":true,"href":"https:\/\/pastor-deutschland.de\/en\/wp-json\/wp\/v2\/product_brand?post=48679"},{"taxonomy":"product_cat","embeddable":true,"href":"https:\/\/pastor-deutschland.de\/en\/wp-json\/wp\/v2\/product_cat?post=48679"},{"taxonomy":"product_tag","embeddable":true,"href":"https:\/\/pastor-deutschland.de\/en\/wp-json\/wp\/v2\/product_tag?post=48679"}],"curies":[{"name":"wp","href":"https:\/\/api.w.org\/{rel}","templated":true}]}}