{"id":48667,"date":"2024-01-17T16:30:13","date_gmt":"2024-01-17T15:30:13","guid":{"rendered":"https:\/\/pastor-deutschland.de\/?post_type=product&#038;p=48667"},"modified":"2025-12-15T12:53:38","modified_gmt":"2025-12-15T11:53:38","slug":"k2-stahl-kohlendioxid-feuerloescher","status":"publish","type":"product","link":"https:\/\/pastor-deutschland.de\/en\/feuerloescher\/k2-stahl-kohlendioxid-feuerloescher\/","title":{"rendered":"K2 steel carbon dioxide fire extinguisher"},"content":{"rendered":"<p>Entdecken Sie den K2 Stahl, einen hochwirksamen und umweltfreundlichen Kohlendioxid-Feuerl\u00f6scher, der sich ideal f\u00fcr r\u00fcckstandsfreie Brandbek\u00e4mpfung eignet.<\/p>","protected":false},"excerpt":{"rendered":"<p>Entdecken Sie den K2 Stahl, einen hochwirksamen und umweltfreundlichen Kohlendioxid-Feuerl\u00f6scher, der sich ideal f\u00fcr r\u00fcckstandsfreie Brandbek\u00e4mpfung eignet.<\/p>","protected":false},"featured_media":50284,"template":"","meta":[],"product_brand":[],"product_cat":[15],"product_tag":[],"class_list":{"0":"post-48667","1":"product","2":"type-product","3":"status-publish","4":"has-post-thumbnail","6":"product_cat-unkategorisiert","8":"first","9":"instock","10":"featured","11":"taxable","12":"shipping-taxable","13":"purchasable","14":"product-type-variable"},"_links":{"self":[{"href":"https:\/\/pastor-deutschland.de\/en\/wp-json\/wp\/v2\/product\/48667","targetHints":{"allow":["GET"]}}],"collection":[{"href":"https:\/\/pastor-deutschland.de\/en\/wp-json\/wp\/v2\/product"}],"about":[{"href":"https:\/\/pastor-deutschland.de\/en\/wp-json\/wp\/v2\/types\/product"}],"version-history":[{"count":2,"href":"https:\/\/pastor-deutschland.de\/en\/wp-json\/wp\/v2\/product\/48667\/revisions"}],"predecessor-version":[{"id":49091,"href":"https:\/\/pastor-deutschland.de\/en\/wp-json\/wp\/v2\/product\/48667\/revisions\/49091"}],"wp:featuredmedia":[{"embeddable":true,"href":"https:\/\/pastor-deutschland.de\/en\/wp-json\/wp\/v2\/media\/50284"}],"wp:attachment":[{"href":"https:\/\/pastor-deutschland.de\/en\/wp-json\/wp\/v2\/media?parent=48667"}],"wp:term":[{"taxonomy":"product_brand","embeddable":true,"href":"https:\/\/pastor-deutschland.de\/en\/wp-json\/wp\/v2\/product_brand?post=48667"},{"taxonomy":"product_cat","embeddable":true,"href":"https:\/\/pastor-deutschland.de\/en\/wp-json\/wp\/v2\/product_cat?post=48667"},{"taxonomy":"product_tag","embeddable":true,"href":"https:\/\/pastor-deutschland.de\/en\/wp-json\/wp\/v2\/product_tag?post=48667"}],"curies":[{"name":"wp","href":"https:\/\/api.w.org\/{rel}","templated":true}]}}