{"id":87,"date":"2025-09-01T16:50:55","date_gmt":"2025-09-01T16:50:55","guid":{"rendered":"https:\/\/pastor-deutschland.de\/campus\/events-grid-style\/"},"modified":"2026-02-09T22:24:45","modified_gmt":"2026-02-09T22:24:45","slug":"brandschutzschulungen","status":"publish","type":"page","link":"https:\/\/pastor-deutschland.de\/campus\/brandschutzschulungen\/","title":{"rendered":"Schulungen"},"content":{"rendered":"\t\t<div data-elementor-type=\"wp-page\" data-elementor-id=\"87\" class=\"elementor elementor-87\" data-elementor-post-type=\"page\">\n\t\t\t\t<div class=\"elementor-element elementor-element-75a5cc87 e-flex e-con-boxed e-con e-parent\" data-id=\"75a5cc87\" data-element_type=\"container\">\n\t\t\t\t\t<div class=\"e-con-inner\">\n\t\t\t\t\t<\/div>\n\t\t\t\t<\/div>\n\t\t<div class=\"elementor-element elementor-element-b23e8bb e-con-full e-flex e-con e-parent\" data-id=\"b23e8bb\" data-element_type=\"container\" data-settings=\"{&quot;background_background&quot;:&quot;classic&quot;}\">\n\t\t\t\t<div class=\"elementor-element elementor-element-4487fd18 elementor-widget elementor-widget-heading\" data-id=\"4487fd18\" data-element_type=\"widget\" data-widget_type=\"heading.default\">\n\t\t\t\t\t<h2 class=\"elementor-heading-title elementor-size-default\">Unser Portfolio <\/h2>\t\t\t\t<\/div>\n\t\t\t\t<div class=\"elementor-element elementor-element-7f44e4e2 elementor-widget elementor-widget-heading\" data-id=\"7f44e4e2\" data-element_type=\"widget\" data-widget_type=\"heading.default\">\n\t\t\t\t\t<h2 class=\"elementor-heading-title elementor-size-default\">Alle Seminare <BR> auf einen Blick<\/h2>\t\t\t\t<\/div>\n\t\t\t\t<\/div>\n\t\t<div class=\"elementor-element elementor-element-c00a3d8 e-grid e-con-boxed e-con e-parent\" data-id=\"c00a3d8\" data-element_type=\"container\">\n\t\t\t\t\t<div class=\"e-con-inner\">\n\t\t<div class=\"elementor-element elementor-element-7b526c9 e-con-full e-flex e-con e-child\" data-id=\"7b526c9\" data-element_type=\"container\" data-settings=\"{&quot;background_background&quot;:&quot;classic&quot;}\">\n\t\t<div class=\"elementor-element elementor-element-2ce3b46 e-con-full e-flex e-con e-child\" data-id=\"2ce3b46\" data-element_type=\"container\">\n\t\t\t\t<div class=\"elementor-element elementor-element-e98b1c5 elementor-widget elementor-widget-text-editor\" data-id=\"e98b1c5\" data-element_type=\"widget\" data-widget_type=\"text-editor.default\">\n\t\t\t\t\t\t\t\t\t<p>ONLINE<\/p>\t\t\t\t\t\t\t\t<\/div>\n\t\t\t\t<div class=\"elementor-element elementor-element-b540c0d elementor-widget elementor-widget-text-editor\" data-id=\"b540c0d\" data-element_type=\"widget\" data-widget_type=\"text-editor.default\">\n\t\t\t\t\t\t\t\t\t<p>KOMBI<\/p>\t\t\t\t\t\t\t\t<\/div>\n\t\t\t\t<\/div>\n\t\t\t\t<div class=\"elementor-element elementor-element-4ee84c8 elementor-widget elementor-widget-heading\" data-id=\"4ee84c8\" data-element_type=\"widget\" data-widget_type=\"heading.default\">\n\t\t\t\t\t<h2 class=\"elementor-heading-title elementor-size-default\">Grundkurs tragbare Feuerl\u00f6scher<\/h2>\t\t\t\t<\/div>\n\t\t\t\t<div class=\"elementor-element elementor-element-cae0c3d elementor-widget elementor-widget-heading\" data-id=\"cae0c3d\" data-element_type=\"widget\" data-widget_type=\"heading.default\">\n\t\t\t\t\t<h2 class=\"elementor-heading-title elementor-size-default\">+<\/h2>\t\t\t\t<\/div>\n\t\t\t\t<div class=\"elementor-element elementor-element-5d9e420 elementor-widget elementor-widget-heading\" data-id=\"5d9e420\" data-element_type=\"widget\" data-widget_type=\"heading.default\">\n\t\t\t\t\t<h2 class=\"elementor-heading-title elementor-size-default\">Grundkurs bef\u00e4higte Person Feuerl\u00f6scher<\/h2>\t\t\t\t<\/div>\n\t\t\t\t<div class=\"elementor-element elementor-element-cc2d556 elementor-widget elementor-widget-text-editor\" data-id=\"cc2d556\" data-element_type=\"widget\" data-widget_type=\"text-editor.default\">\n\t\t\t\t\t\t\t\t\t<p>DIN 14 406-4, DIN EN 3, ArbStV, ASR A2.2 \/ <span class=\"s5\">BetrSichV, <\/span><span class=\"s5\">TRBS 1201, TRBS 1111<\/span><\/p>\t\t\t\t\t\t\t\t<\/div>\n\t\t\t\t<div class=\"elementor-element elementor-element-0bbbbc2 elementor-widget-divider--view-line elementor-widget elementor-widget-divider\" data-id=\"0bbbbc2\" data-element_type=\"widget\" data-widget_type=\"divider.default\">\n\t\t\t\t\t\t\t<div class=\"elementor-divider\">\n\t\t\t<span class=\"elementor-divider-separator\">\n\t\t\t\t\t\t<\/span>\n\t\t<\/div>\n\t\t\t\t\t\t<\/div>\n\t\t\t\t<div class=\"elementor-element elementor-element-8f68345 elementor-widget elementor-widget-text-editor\" data-id=\"8f68345\" data-element_type=\"widget\" data-widget_type=\"text-editor.default\">\n\t\t\t\t\t\t\t\t\t<p>Preis: 949,00 \u20ac zzgl. MwSt.<br \/>Dauer: 3 Tage<br \/>Abschluss: Zertifikat<\/p>\t\t\t\t\t\t\t\t<\/div>\n\t\t\t\t<div class=\"elementor-element elementor-element-69dc305 elementor-tablet-align-center elementor-widget elementor-widget-button\" data-id=\"69dc305\" data-element_type=\"widget\" data-widget_type=\"button.default\">\n\t\t\t\t\t\t\t\t\t\t<a class=\"elementor-button elementor-button-link elementor-size-sm elementor-animation-shrink\" href=\"https:\/\/pastor-deutschland.de\/campus\/kombi-sachkunde-tragbare-feuerloescher-und-bef-person-feuerloescher\">\n\t\t\t\t\t\t<span class=\"elementor-button-content-wrapper\">\n\t\t\t\t\t\t\t\t\t<span class=\"elementor-button-text\">mehr erfahren \u2192<\/span>\n\t\t\t\t\t<\/span>\n\t\t\t\t\t<\/a>\n\t\t\t\t\t\t\t\t<\/div>\n\t\t\t\t<\/div>\n\t\t<div class=\"elementor-element elementor-element-9cd8a25 e-con-full e-flex e-con e-child\" data-id=\"9cd8a25\" data-element_type=\"container\" data-settings=\"{&quot;background_background&quot;:&quot;classic&quot;}\">\n\t\t\t\t<div class=\"elementor-element elementor-element-73463bc elementor-widget elementor-widget-text-editor\" data-id=\"73463bc\" data-element_type=\"widget\" data-widget_type=\"text-editor.default\">\n\t\t\t\t\t\t\t\t\t<p>ONLINE<\/p>\t\t\t\t\t\t\t\t<\/div>\n\t\t\t\t<div class=\"elementor-element elementor-element-4bf040c elementor-widget elementor-widget-heading\" data-id=\"4bf040c\" data-element_type=\"widget\" data-widget_type=\"heading.default\">\n\t\t\t\t\t<h2 class=\"elementor-heading-title elementor-size-default\">Grundkurs bef\u00e4higte Person Feuerl\u00f6scher<\/h2>\t\t\t\t<\/div>\n\t\t\t\t<div class=\"elementor-element elementor-element-a81a131 elementor-widget elementor-widget-text-editor\" data-id=\"a81a131\" data-element_type=\"widget\" data-widget_type=\"text-editor.default\">\n\t\t\t\t\t\t\t\t\t<p>BetrSichV, TRBS 1201, TRBS 1111<\/p>\t\t\t\t\t\t\t\t<\/div>\n\t\t\t\t<div class=\"elementor-element elementor-element-f15127f elementor-widget-divider--view-line elementor-widget elementor-widget-divider\" data-id=\"f15127f\" data-element_type=\"widget\" data-widget_type=\"divider.default\">\n\t\t\t\t\t\t\t<div class=\"elementor-divider\">\n\t\t\t<span class=\"elementor-divider-separator\">\n\t\t\t\t\t\t<\/span>\n\t\t<\/div>\n\t\t\t\t\t\t<\/div>\n\t\t\t\t<div class=\"elementor-element elementor-element-b138344 elementor-widget elementor-widget-text-editor\" data-id=\"b138344\" data-element_type=\"widget\" data-widget_type=\"text-editor.default\">\n\t\t\t\t\t\t\t\t\t<p>Preis: 299,00 \u20ac zzgl. MwSt.<br \/>Dauer: 1 Tag<br \/>Abschluss: Zertifikat<\/p>\t\t\t\t\t\t\t\t<\/div>\n\t\t\t\t<div class=\"elementor-element elementor-element-2d9419f elementor-tablet-align-center elementor-widget elementor-widget-button\" data-id=\"2d9419f\" data-element_type=\"widget\" data-widget_type=\"button.default\">\n\t\t\t\t\t\t\t\t\t\t<a class=\"elementor-button elementor-button-link elementor-size-sm elementor-animation-shrink\" href=\"https:\/\/pastor-deutschland.de\/campus\/befaehigte-person-feuerloescher\/\">\n\t\t\t\t\t\t<span class=\"elementor-button-content-wrapper\">\n\t\t\t\t\t\t\t\t\t<span class=\"elementor-button-text\">mehr erfahren \u2192<\/span>\n\t\t\t\t\t<\/span>\n\t\t\t\t\t<\/a>\n\t\t\t\t\t\t\t\t<\/div>\n\t\t\t\t<\/div>\n\t\t<div class=\"elementor-element elementor-element-b70390b e-con-full e-flex e-con e-child\" data-id=\"b70390b\" data-element_type=\"container\" data-settings=\"{&quot;background_background&quot;:&quot;classic&quot;}\">\n\t\t\t\t<div class=\"elementor-element elementor-element-4502c23 elementor-widget elementor-widget-text-editor\" data-id=\"4502c23\" data-element_type=\"widget\" data-widget_type=\"text-editor.default\">\n\t\t\t\t\t\t\t\t\t<p>ONLINE<\/p>\t\t\t\t\t\t\t\t<\/div>\n\t\t\t\t<div class=\"elementor-element elementor-element-4f6f651 elementor-widget elementor-widget-heading\" data-id=\"4f6f651\" data-element_type=\"widget\" data-widget_type=\"heading.default\">\n\t\t\t\t\t<h2 class=\"elementor-heading-title elementor-size-default\">Grundkurs tragbare Feuerl\u00f6scher<\/h2>\t\t\t\t<\/div>\n\t\t\t\t<div class=\"elementor-element elementor-element-86682ae elementor-widget elementor-widget-text-editor\" data-id=\"86682ae\" data-element_type=\"widget\" data-widget_type=\"text-editor.default\">\n\t\t\t\t\t\t\t\t\t<p>DIN 14 406-4, DIN EN 3, ArbStV, ASR A2.2<\/p>\t\t\t\t\t\t\t\t<\/div>\n\t\t\t\t<div class=\"elementor-element elementor-element-309482d elementor-widget-divider--view-line elementor-widget elementor-widget-divider\" data-id=\"309482d\" data-element_type=\"widget\" data-widget_type=\"divider.default\">\n\t\t\t\t\t\t\t<div class=\"elementor-divider\">\n\t\t\t<span class=\"elementor-divider-separator\">\n\t\t\t\t\t\t<\/span>\n\t\t<\/div>\n\t\t\t\t\t\t<\/div>\n\t\t\t\t<div class=\"elementor-element elementor-element-33ab7ae elementor-widget elementor-widget-text-editor\" data-id=\"33ab7ae\" data-element_type=\"widget\" data-widget_type=\"text-editor.default\">\n\t\t\t\t\t\t\t\t\t<p>Preis: 699,00 \u20ac zzgl. MwSt.<br \/>Dauer: 2 Tage<br \/>Abschluss: Zertifikat<\/p>\t\t\t\t\t\t\t\t<\/div>\n\t\t\t\t<div class=\"elementor-element elementor-element-03bcf7b elementor-tablet-align-center elementor-widget elementor-widget-button\" data-id=\"03bcf7b\" data-element_type=\"widget\" data-widget_type=\"button.default\">\n\t\t\t\t\t\t\t\t\t\t<a class=\"elementor-button elementor-button-link elementor-size-sm elementor-animation-shrink\" href=\"https:\/\/pastor-deutschland.de\/campus\/sachkunde-tragbare-feuerloescher\/\">\n\t\t\t\t\t\t<span class=\"elementor-button-content-wrapper\">\n\t\t\t\t\t\t\t\t\t<span class=\"elementor-button-text\">mehr erfahren \u2192<\/span>\n\t\t\t\t\t<\/span>\n\t\t\t\t\t<\/a>\n\t\t\t\t\t\t\t\t<\/div>\n\t\t\t\t<\/div>\n\t\t<div class=\"elementor-element elementor-element-ca05ec5 e-con-full e-flex e-con e-child\" data-id=\"ca05ec5\" data-element_type=\"container\" data-settings=\"{&quot;background_background&quot;:&quot;classic&quot;}\">\n\t\t<div class=\"elementor-element elementor-element-26c1b19 e-con-full e-flex e-con e-child\" data-id=\"26c1b19\" data-element_type=\"container\">\n\t\t\t\t<div class=\"elementor-element elementor-element-579f65e elementor-widget elementor-widget-text-editor\" data-id=\"579f65e\" data-element_type=\"widget\" data-widget_type=\"text-editor.default\">\n\t\t\t\t\t\t\t\t\t<p>ONLINE<\/p>\t\t\t\t\t\t\t\t<\/div>\n\t\t\t\t<div class=\"elementor-element elementor-element-551939d elementor-widget elementor-widget-text-editor\" data-id=\"551939d\" data-element_type=\"widget\" data-widget_type=\"text-editor.default\">\n\t\t\t\t\t\t\t\t\t<p>KOMBI<\/p>\t\t\t\t\t\t\t\t<\/div>\n\t\t\t\t<\/div>\n\t\t\t\t<div class=\"elementor-element elementor-element-bde4eb2 elementor-widget elementor-widget-heading\" data-id=\"bde4eb2\" data-element_type=\"widget\" data-widget_type=\"heading.default\">\n\t\t\t\t\t<h2 class=\"elementor-heading-title elementor-size-default\">Sachkunde fahrbaren Feuerl\u00f6scher<br>+<br>Bef\u00e4higte Person Feuerl\u00f6scher<\/h2>\t\t\t\t<\/div>\n\t\t\t\t<div class=\"elementor-element elementor-element-d17c8bc elementor-widget elementor-widget-text-editor\" data-id=\"d17c8bc\" data-element_type=\"widget\" data-widget_type=\"text-editor.default\">\n\t\t\t\t\t\t\t\t\t<p><span class=\"s12\">DIN 14406 Teil 4, BetrSichV, <\/span><span class=\"s12\">PED &amp; TPED \/ BetrSichV, TRBS 1201, TRBS 1111<\/span><\/p>\t\t\t\t\t\t\t\t<\/div>\n\t\t\t\t<div class=\"elementor-element elementor-element-882504f elementor-widget-divider--view-line elementor-widget elementor-widget-divider\" data-id=\"882504f\" data-element_type=\"widget\" data-widget_type=\"divider.default\">\n\t\t\t\t\t\t\t<div class=\"elementor-divider\">\n\t\t\t<span class=\"elementor-divider-separator\">\n\t\t\t\t\t\t<\/span>\n\t\t<\/div>\n\t\t\t\t\t\t<\/div>\n\t\t\t\t<div class=\"elementor-element elementor-element-07b3759 elementor-widget elementor-widget-text-editor\" data-id=\"07b3759\" data-element_type=\"widget\" data-widget_type=\"text-editor.default\">\n\t\t\t\t\t\t\t\t\t<p>Preis: 349,00 \u20ac zzgl. MwSt.<br \/>Dauer: 1 Tag<br \/>Abschluss: Zertifikat<\/p>\t\t\t\t\t\t\t\t<\/div>\n\t\t\t\t<div class=\"elementor-element elementor-element-170905f elementor-tablet-align-center elementor-widget elementor-widget-button\" data-id=\"170905f\" data-element_type=\"widget\" data-widget_type=\"button.default\">\n\t\t\t\t\t\t\t\t\t\t<a class=\"elementor-button elementor-button-link elementor-size-sm elementor-animation-shrink\" href=\"https:\/\/pastor-deutschland.de\/campus\/sachkunde-fahrbare-feuerloescher\/\">\n\t\t\t\t\t\t<span class=\"elementor-button-content-wrapper\">\n\t\t\t\t\t\t\t\t\t<span class=\"elementor-button-text\">mehr erfahren \u2192<\/span>\n\t\t\t\t\t<\/span>\n\t\t\t\t\t<\/a>\n\t\t\t\t\t\t\t\t<\/div>\n\t\t\t\t<\/div>\n\t\t<div class=\"elementor-element elementor-element-79b5132 e-con-full e-flex e-con e-child\" data-id=\"79b5132\" data-element_type=\"container\" data-settings=\"{&quot;background_background&quot;:&quot;classic&quot;}\">\n\t\t<div class=\"elementor-element elementor-element-622cc74 e-con-full e-flex e-con e-child\" data-id=\"622cc74\" data-element_type=\"container\">\n\t\t\t\t<div class=\"elementor-element elementor-element-49590fb elementor-widget elementor-widget-text-editor\" data-id=\"49590fb\" data-element_type=\"widget\" data-widget_type=\"text-editor.default\">\n\t\t\t\t\t\t\t\t\t<p>ONLINE<\/p>\t\t\t\t\t\t\t\t<\/div>\n\t\t\t\t<div class=\"elementor-element elementor-element-b0fbdd0 elementor-widget elementor-widget-text-editor\" data-id=\"b0fbdd0\" data-element_type=\"widget\" data-widget_type=\"text-editor.default\">\n\t\t\t\t\t\t\t\t\t<p>KOMBI<\/p>\t\t\t\t\t\t\t\t<\/div>\n\t\t\t\t<\/div>\n\t\t\t\t<div class=\"elementor-element elementor-element-c1294ae elementor-widget elementor-widget-heading\" data-id=\"c1294ae\" data-element_type=\"widget\" data-widget_type=\"heading.default\">\n\t\t\t\t\t<h2 class=\"elementor-heading-title elementor-size-default\">Auffrischung tragbare Feuerl\u00f6scher <br>+<br>Auffrischung bef\u00e4higte Person Feuerl\u00f6scher<\/h2>\t\t\t\t<\/div>\n\t\t\t\t<div class=\"elementor-element elementor-element-af0fb63 elementor-widget elementor-widget-text-editor\" data-id=\"af0fb63\" data-element_type=\"widget\" data-widget_type=\"text-editor.default\">\n\t\t\t\t\t\t\t\t\t<p>DIN 14 406-4, DIN EN 3, ArbStV, ASR A2.2 \/ <span class=\"s5\">BetrSichV, <\/span><span class=\"s5\">TRBS 1201, TRBS 1111<\/span><\/p>\t\t\t\t\t\t\t\t<\/div>\n\t\t\t\t<div class=\"elementor-element elementor-element-168fd01 elementor-widget-divider--view-line elementor-widget elementor-widget-divider\" data-id=\"168fd01\" data-element_type=\"widget\" data-widget_type=\"divider.default\">\n\t\t\t\t\t\t\t<div class=\"elementor-divider\">\n\t\t\t<span class=\"elementor-divider-separator\">\n\t\t\t\t\t\t<\/span>\n\t\t<\/div>\n\t\t\t\t\t\t<\/div>\n\t\t\t\t<div class=\"elementor-element elementor-element-162790c elementor-widget elementor-widget-text-editor\" data-id=\"162790c\" data-element_type=\"widget\" data-widget_type=\"text-editor.default\">\n\t\t\t\t\t\t\t\t\t<p>Preis: 299,00 \u20ac zzgl. MwSt.<br \/>Dauer: 1 Tag<br \/>Abschluss: Zertifikat<\/p>\t\t\t\t\t\t\t\t<\/div>\n\t\t\t\t<div class=\"elementor-element elementor-element-a389b7a elementor-tablet-align-center elementor-widget elementor-widget-button\" data-id=\"a389b7a\" data-element_type=\"widget\" data-widget_type=\"button.default\">\n\t\t\t\t\t\t\t\t\t\t<a class=\"elementor-button elementor-button-link elementor-size-sm elementor-animation-shrink\" href=\"https:\/\/pastor-deutschland.de\/campus\/auffrischung-befaehigte-person-feuerloescher\/\">\n\t\t\t\t\t\t<span class=\"elementor-button-content-wrapper\">\n\t\t\t\t\t\t\t\t\t<span class=\"elementor-button-text\">mehr erfahren \u2192<\/span>\n\t\t\t\t\t<\/span>\n\t\t\t\t\t<\/a>\n\t\t\t\t\t\t\t\t<\/div>\n\t\t\t\t<\/div>\n\t\t<div class=\"elementor-element elementor-element-4bcf139 e-con-full e-flex e-con e-child\" data-id=\"4bcf139\" data-element_type=\"container\" data-settings=\"{&quot;background_background&quot;:&quot;classic&quot;}\">\n\t\t<div class=\"elementor-element elementor-element-e1933c9 e-con-full e-flex e-con e-child\" data-id=\"e1933c9\" data-element_type=\"container\">\n\t\t\t\t<div class=\"elementor-element elementor-element-c52969e elementor-widget elementor-widget-text-editor\" data-id=\"c52969e\" data-element_type=\"widget\" data-widget_type=\"text-editor.default\">\n\t\t\t\t\t\t\t\t\t<p>ONLINE<\/p>\t\t\t\t\t\t\t\t<\/div>\n\t\t\t\t<\/div>\n\t\t\t\t<div class=\"elementor-element elementor-element-48f152f elementor-widget elementor-widget-heading\" data-id=\"48f152f\" data-element_type=\"widget\" data-widget_type=\"heading.default\">\n\t\t\t\t\t<h2 class=\"elementor-heading-title elementor-size-default\">Train the Trainer Ausbildung \u2013 <BR> f\u00fcr Brandschutzhelfer-Ausbilder<\/h2>\t\t\t\t<\/div>\n\t\t\t\t<div class=\"elementor-element elementor-element-d25dfff elementor-widget elementor-widget-text-editor\" data-id=\"d25dfff\" data-element_type=\"widget\" data-widget_type=\"text-editor.default\">\n\t\t\t\t\t\t\t\t\t<p class=\"p1\">ArbSchG, ASR A2.2, <br \/>DGUV Information 205-023<\/p>\t\t\t\t\t\t\t\t<\/div>\n\t\t\t\t<div class=\"elementor-element elementor-element-1510a82 elementor-widget-divider--view-line elementor-widget elementor-widget-divider\" data-id=\"1510a82\" data-element_type=\"widget\" data-widget_type=\"divider.default\">\n\t\t\t\t\t\t\t<div class=\"elementor-divider\">\n\t\t\t<span class=\"elementor-divider-separator\">\n\t\t\t\t\t\t<\/span>\n\t\t<\/div>\n\t\t\t\t\t\t<\/div>\n\t\t\t\t<div class=\"elementor-element elementor-element-4b28c79 elementor-widget elementor-widget-text-editor\" data-id=\"4b28c79\" data-element_type=\"widget\" data-widget_type=\"text-editor.default\">\n\t\t\t\t\t\t\t\t\t<p>Preis: 349,00\u20ac zzgl. MwSt.<br \/>Dauer: 1 Tag<br \/>Abschluss: Zertifikat<\/p>\t\t\t\t\t\t\t\t<\/div>\n\t\t\t\t<div class=\"elementor-element elementor-element-a641f0a elementor-tablet-align-center elementor-widget elementor-widget-button\" data-id=\"a641f0a\" data-element_type=\"widget\" data-widget_type=\"button.default\">\n\t\t\t\t\t\t\t\t\t\t<a class=\"elementor-button elementor-button-link elementor-size-sm elementor-animation-shrink\" href=\"https:\/\/pastor-deutschland.de\/campus\/train-the-trainer\/\">\n\t\t\t\t\t\t<span class=\"elementor-button-content-wrapper\">\n\t\t\t\t\t\t\t\t\t<span class=\"elementor-button-text\">mehr erfahren \u2192<\/span>\n\t\t\t\t\t<\/span>\n\t\t\t\t\t<\/a>\n\t\t\t\t\t\t\t\t<\/div>\n\t\t\t\t<\/div>\n\t\t\t\t\t<\/div>\n\t\t\t\t<\/div>\n\t\t<div class=\"elementor-element elementor-element-af1330c e-flex e-con-boxed e-con e-parent\" data-id=\"af1330c\" data-element_type=\"container\" data-settings=\"{&quot;background_background&quot;:&quot;classic&quot;}\">\n\t\t\t\t\t<div class=\"e-con-inner\">\n\t\t\t\t<div class=\"elementor-element elementor-element-898f7d0 elementor-widget elementor-widget-heading\" data-id=\"898f7d0\" data-element_type=\"widget\" data-widget_type=\"heading.default\">\n\t\t\t\t\t<h2 class=\"elementor-heading-title elementor-size-default\">Das sagen unsere Kunden<\/h2>\t\t\t\t<\/div>\n\t\t\t\t<div class=\"elementor-element elementor-element-f55decf elementor-widget-mobile__width-initial elementor-widget elementor-widget-heading\" data-id=\"f55decf\" data-element_type=\"widget\" data-widget_type=\"heading.default\">\n\t\t\t\t\t<h2 class=\"elementor-heading-title elementor-size-default\">Wir legen Wert aut Qualit\u00e4t und die Bewertungen geben uns recht.<\/h2>\t\t\t\t<\/div>\n\t\t\t\t<div class=\"elementor-element elementor-element-068a816 elementor-hidden-desktop elementor-hidden-tablet elementor-widget elementor-widget-image\" data-id=\"068a816\" data-element_type=\"widget\" data-widget_type=\"image.default\">\n\t\t\t\t\t\t\t\t\t\t\t\t\t\t\t<img fetchpriority=\"high\" decoding=\"async\" width=\"800\" height=\"800\" src=\"https:\/\/pastor-deutschland.de\/campus\/wp-content\/uploads\/Mobil_bewertungen-1024x1024.png\" class=\"attachment-large size-large wp-image-775\" alt=\"\" srcset=\"https:\/\/pastor-deutschland.de\/campus\/wp-content\/uploads\/Mobil_bewertungen-1024x1024.png 1024w, https:\/\/pastor-deutschland.de\/campus\/wp-content\/uploads\/Mobil_bewertungen-300x300.png 300w, https:\/\/pastor-deutschland.de\/campus\/wp-content\/uploads\/Mobil_bewertungen-150x150.png 150w, https:\/\/pastor-deutschland.de\/campus\/wp-content\/uploads\/Mobil_bewertungen-768x768.png 768w, https:\/\/pastor-deutschland.de\/campus\/wp-content\/uploads\/Mobil_bewertungen.png 1080w\" sizes=\"(max-width: 800px) 100vw, 800px\" \/>\t\t\t\t\t\t\t\t\t\t\t\t\t\t\t<\/div>\n\t\t\t\t<div class=\"elementor-element elementor-element-2397bb4 elementor-hidden-mobile elementor-widget elementor-widget-image\" data-id=\"2397bb4\" data-element_type=\"widget\" data-widget_type=\"image.default\">\n\t\t\t\t\t\t\t\t\t\t\t\t\t\t\t<img decoding=\"async\" width=\"800\" height=\"450\" src=\"https:\/\/pastor-deutschland.de\/campus\/wp-content\/uploads\/1-5-1024x576.png\" class=\"attachment-large size-large wp-image-1059\" alt=\"\" srcset=\"https:\/\/pastor-deutschland.de\/campus\/wp-content\/uploads\/1-5-1024x576.png 1024w, https:\/\/pastor-deutschland.de\/campus\/wp-content\/uploads\/1-5-300x169.png 300w, https:\/\/pastor-deutschland.de\/campus\/wp-content\/uploads\/1-5-768x432.png 768w, https:\/\/pastor-deutschland.de\/campus\/wp-content\/uploads\/1-5-1536x864.png 1536w, https:\/\/pastor-deutschland.de\/campus\/wp-content\/uploads\/1-5-2048x1152.png 2048w\" sizes=\"(max-width: 800px) 100vw, 800px\" \/>\t\t\t\t\t\t\t\t\t\t\t\t\t\t\t<\/div>\n\t\t\t\t\t<\/div>\n\t\t\t\t<\/div>\n\t\t\t\t<\/div>\n\t\t","protected":false},"excerpt":{"rendered":"<p>Unser Portfolio Alle Seminare auf einen Blick ONLINE KOMBI Grundkurs tragbare Feuerl\u00f6scher + Grundkurs bef\u00e4higte Person Feuerl\u00f6scher DIN 14 406-4, DIN EN 3, ArbStV, ASR A2.2 \/ BetrSichV, TRBS 1201, TRBS 1111 Preis: 949,00 \u20ac zzgl. MwSt.Dauer: 3 TageAbschluss: Zertifikat mehr erfahren \u2192 ONLINE Grundkurs bef\u00e4higte Person Feuerl\u00f6scher BetrSichV, TRBS 1201, TRBS 1111 Preis: 299,00 [&hellip;]<\/p>\n","protected":false},"author":1,"featured_media":0,"parent":0,"menu_order":0,"comment_status":"closed","ping_status":"closed","template":"elementor_header_footer","meta":{"footnotes":""},"class_list":["post-87","page","type-page","status-publish","hentry"],"_links":{"self":[{"href":"https:\/\/pastor-deutschland.de\/campus\/wp-json\/wp\/v2\/pages\/87","targetHints":{"allow":["GET"]}}],"collection":[{"href":"https:\/\/pastor-deutschland.de\/campus\/wp-json\/wp\/v2\/pages"}],"about":[{"href":"https:\/\/pastor-deutschland.de\/campus\/wp-json\/wp\/v2\/types\/page"}],"author":[{"embeddable":true,"href":"https:\/\/pastor-deutschland.de\/campus\/wp-json\/wp\/v2\/users\/1"}],"replies":[{"embeddable":true,"href":"https:\/\/pastor-deutschland.de\/campus\/wp-json\/wp\/v2\/comments?post=87"}],"version-history":[{"count":10,"href":"https:\/\/pastor-deutschland.de\/campus\/wp-json\/wp\/v2\/pages\/87\/revisions"}],"predecessor-version":[{"id":1916,"href":"https:\/\/pastor-deutschland.de\/campus\/wp-json\/wp\/v2\/pages\/87\/revisions\/1916"}],"wp:attachment":[{"href":"https:\/\/pastor-deutschland.de\/campus\/wp-json\/wp\/v2\/media?parent=87"}],"curies":[{"name":"wp","href":"https:\/\/api.w.org\/{rel}","templated":true}]}}